{"id":572,"date":"2021-02-01T21:19:39","date_gmt":"2021-02-01T21:19:39","guid":{"rendered":"https:\/\/bslthemes.site\/quarty\/?page_id=572"},"modified":"2023-09-08T15:00:48","modified_gmt":"2023-09-08T13:00:48","slug":"home-combined","status":"publish","type":"page","link":"https:\/\/45zeroprod.fr\/","title":{"rendered":"Accueil"},"content":{"rendered":"\t\t<div data-elementor-type=\"wp-page\" data-elementor-id=\"572\" class=\"elementor elementor-572\" data-elementor-settings=\"[]\">\n\t\t\t\t\t\t\t<div class=\"elementor-section-wrap\">\n\t\t\t\t\t\t\t<section class=\"elementor-section elementor-top-section elementor-element elementor-element-de55224 elementor-section-full_width elementor-section-height-default elementor-section-height-default\" data-id=\"de55224\" data-element_type=\"section\">\n\t\t\t\t\t\t<div class=\"elementor-container elementor-column-gap-no\">\n\t\t\t\t\t<div class=\"elementor-column elementor-col-100 elementor-top-column elementor-element elementor-element-9deb41a\" data-id=\"9deb41a\" data-element_type=\"column\">\n\t\t\t<div class=\"elementor-widget-wrap elementor-element-populated\">\n\t\t\t\t\t\t\t\t<div class=\"elementor-element elementor-element-4780505 elementor-widget elementor-widget-quarty-hero-slider\" data-id=\"4780505\" data-element_type=\"widget\" data-widget_type=\"quarty-hero-slider.default\">\n\t\t\t\t<div class=\"elementor-widget-container\">\n\t\t\t\n\t\t\t\t<div class=\"qrt-body\">\n\t\t<div class=\"swiper-container qrt-main-slider\">\n        \t<div class=\"qrt-slider-pagination\">\n        \t\t<div class=\"swiper-pagination swiper-main-pagination\"><\/div>\n        \t<\/div>\n        \t<div class=\"qrt-slider-navigation qrt-absolute\">\n            \t<div class=\"qrt-slider-nav-btn qrt-main-prev qrt-cursor-scale qrt-cursor-color\">\n            \t\t<i class=\"fas fa-arrow-left\"><\/i>\n            \t\t<span>prev<\/span>\n            \t<\/div>\n        \t\t<div class=\"qrt-slider-nav-btn qrt-main-next qrt-cursor-scale qrt-cursor-color\">\n        \t\t\t<span>next<\/span>\n        \t\t\t<i class=\"fas fa-arrow-right\"><\/i>\n        \t\t<\/div>\n        \t<\/div>\n        \t<div class=\"swiper-wrapper\">\n                        <div class=\"swiper-slide\">\n              \t<div class=\"qrt-project-cover\">\n              \t\t\n                \t<div class=\"qrt-image-frame\">\n                  \t\t                  \t\t\t<video autoplay loop class=\"qrt-video-background\" poster=\"https:\/\/45zeroprod.fr\/wp-content\/uploads\/2021\/03\/bg-video-placeholder.jpg\" data-swiper-parallax=\"400\" data-swiper-parallax-scale=\"1.4\" muted>\n\t                    \t\t<source src=\"https:\/\/45zeroprod.fr\/wp-content\/uploads\/2022\/01\/intro-2.mp4\" type=\"video\/mp4\">\n\t                  \t\t<\/video>\n\t                  \t                \t<\/div>\n                \t\n\n                \t<div class=\"qrt-overlay\">\n                  \t\t<div class=\"qrt-parallax-fix\" data-swiper-parallax-x=\"-400\" data-swiper-parallax-duration=\"1000\">\n                    \t\t<div class=\"qrt-banner-title\">\n\t\t                    \t\t\t                    \t<h1 class=\"qrt-white qrt-mb-30 title--h1\">\n\t\t                    \t\t<span >\n\t\t\t\t\t\t\t\t\t\tBienvenue  <br> sur 45zeroProd.fr\t\t\t\t\t\t\t\t\t<\/span>\n\t\t                    \t<\/h1>\n\t\t                    \t<div class=\"qrt-divider-2\"><\/div>\n\t\t                    \t\t\t                    \t\t\t                    \t<div class=\"qrt-text qrt-white qrt-mb-20\">\n\t\t                    \t\t<span >\n\t\t\t\t\t\t\t\t\t\tStructure associative sp\u00e9cialis\u00e9e dans le monde l'audiovisuel. \t\t\t\t\t\t\t\t\t<\/span>\n\t\t                    \t<\/div>\n\t\t                    \t\t\t                     \t\t\t                    \t                \t\t\t<\/div>\n                \t\t<\/div>\n                \t<\/div>\n            \t<\/div>\n            <\/div>\n                        <div class=\"swiper-slide\">\n              \t<div class=\"qrt-project-cover\">\n              \t\t\n                \t<div class=\"qrt-image-frame\">\n                  \t\t                  \t\t\t<video autoplay loop class=\"qrt-video-background\" poster=\"\" data-swiper-parallax=\"400\" data-swiper-parallax-scale=\"1.4\" muted>\n\t                    \t\t<source src=\"https:\/\/45zeroprod.fr\/wp-content\/uploads\/2022\/01\/intro-3.mp4\" type=\"video\/mp4\">\n\t                  \t\t<\/video>\n\t                  \t                \t<\/div>\n                \t\n\n                \t<div class=\"qrt-overlay\">\n                  \t\t<div class=\"qrt-parallax-fix\" data-swiper-parallax-x=\"-400\" data-swiper-parallax-duration=\"1000\">\n                    \t\t<div class=\"qrt-banner-title\">\n\t\t                    \t\t\t                    \t<h1 class=\"qrt-white qrt-mb-30 title--h1\">\n\t\t                    \t\t<span >\n\t\t\t\t\t\t\t\t\t\tD\u00e9couvrez les projets <br>projets men\u00e9s!\t\t\t\t\t\t\t\t\t<\/span>\n\t\t                    \t<\/h1>\n\t\t                    \t<div class=\"qrt-divider-2\"><\/div>\n\t\t                    \t\t\t                    \t\t\t                    \t<div class=\"qrt-text qrt-white qrt-mb-20\">\n\t\t                    \t\t<span >\n\t\t\t\t\t\t\t\t\t\tMettez en valeur vos projets !\t\t\t\t\t\t\t\t\t<\/span>\n\t\t                    \t<\/div>\n\t\t                    \t\t\t                     \t\t\t                    \t                \t\t\t<\/div>\n                \t\t<\/div>\n                \t<\/div>\n            \t<\/div>\n            <\/div>\n                        <div class=\"swiper-slide\">\n              \t<div class=\"qrt-project-cover\">\n              \t\t\n                \t<div class=\"qrt-image-frame\">\n                  \t\t                  \t\t\t<video autoplay loop class=\"qrt-video-background\" poster=\"\" data-swiper-parallax=\"400\" data-swiper-parallax-scale=\"1.4\" muted>\n\t                    \t\t<source src=\"https:\/\/45zeroprod.fr\/wp-content\/uploads\/2022\/01\/intro.mp4\" type=\"video\/mp4\">\n\t                  \t\t<\/video>\n\t                  \t                \t<\/div>\n                \t\n\n                \t<div class=\"qrt-overlay\">\n                  \t\t<div class=\"qrt-parallax-fix\" data-swiper-parallax-x=\"-400\" data-swiper-parallax-duration=\"1000\">\n                    \t\t<div class=\"qrt-banner-title\">\n\t\t                    \t\t\t                    \t<h1 class=\"qrt-white qrt-mb-30 title--h1\">\n\t\t                    \t\t<span >\n\t\t\t\t\t\t\t\t\t\tDes ateliers pour <br>la jeunesse\t\t\t\t\t\t\t\t\t<\/span>\n\t\t                    \t<\/h1>\n\t\t                    \t<div class=\"qrt-divider-2\"><\/div>\n\t\t                    \t\t\t                    \t\t\t                    \t<div class=\"qrt-text qrt-white qrt-mb-20\">\n\t\t                    \t\t<span >\n\t\t\t\t\t\t\t\t\t\tR\u00e9al, live, musiques, un large panel de comp\u00e9tences \u00e0 notre actif, d\u00e9couvrez nos ateliers\t\t\t\t\t\t\t\t\t<\/span>\n\t\t                    \t<\/div>\n\t\t                    \t\t\t                     \t\t\t                    \t                \t\t\t<\/div>\n                \t\t<\/div>\n                \t<\/div>\n            \t<\/div>\n            <\/div>\n            \n          \t<\/div>\n        <\/div>\n    \t<\/div>\n        \n\t\t\t\t<\/div>\n\t\t\t\t<\/div>\n\t\t\t\t\t<\/div>\n\t\t<\/div>\n\t\t\t\t\t\t\t<\/div>\n\t\t<\/section>\n\t\t\t\t\t\t<\/div>\n\t\t\t\t\t<\/div>\n\t\t","protected":false},"excerpt":{"rendered":"<p>prev next Bienvenue sur 45zeroProd.fr Structure associative sp\u00e9cialis\u00e9e dans le monde l&#8217;audiovisuel. D\u00e9couvrez les projets projets men\u00e9s! Mettez en valeur&#8230; <span class=\"qrt-el-more\"><a href=\"https:\/\/45zeroprod.fr\/\" class=\"qrt-link qrt-color-link qrt-cursor-scale qrt-w-chevron\">Read more<\/a><\/span><\/p>\n","protected":false},"author":1,"featured_media":0,"parent":0,"menu_order":0,"comment_status":"closed","ping_status":"closed","template":"template-layout-builder.php","meta":{"footnotes":""},"class_list":["post-572","page","type-page","status-publish","hentry"],"acf":[],"_links":{"self":[{"href":"https:\/\/45zeroprod.fr\/index.php?rest_route=\/wp\/v2\/pages\/572","targetHints":{"allow":["GET"]}}],"collection":[{"href":"https:\/\/45zeroprod.fr\/index.php?rest_route=\/wp\/v2\/pages"}],"about":[{"href":"https:\/\/45zeroprod.fr\/index.php?rest_route=\/wp\/v2\/types\/page"}],"author":[{"embeddable":true,"href":"https:\/\/45zeroprod.fr\/index.php?rest_route=\/wp\/v2\/users\/1"}],"replies":[{"embeddable":true,"href":"https:\/\/45zeroprod.fr\/index.php?rest_route=%2Fwp%2Fv2%2Fcomments&post=572"}],"version-history":[{"count":68,"href":"https:\/\/45zeroprod.fr\/index.php?rest_route=\/wp\/v2\/pages\/572\/revisions"}],"predecessor-version":[{"id":2502,"href":"https:\/\/45zeroprod.fr\/index.php?rest_route=\/wp\/v2\/pages\/572\/revisions\/2502"}],"wp:attachment":[{"href":"https:\/\/45zeroprod.fr\/index.php?rest_route=%2Fwp%2Fv2%2Fmedia&parent=572"}],"curies":[{"name":"wp","href":"https:\/\/api.w.org\/{rel}","templated":true}]}}